{"id":11,"date":"2015-04-21T17:09:59","date_gmt":"2015-04-21T14:09:59","guid":{"rendered":"https:\/\/purkupro.fi\/?page_id=11"},"modified":"2015-06-15T12:28:31","modified_gmt":"2015-06-15T09:28:31","slug":"teenused","status":"publish","type":"page","link":"https:\/\/purkupro.fi\/et\/teenused\/","title":{"rendered":"Teenused"},"content":{"rendered":"<p>K\u00e4esoleval lehek\u00fcljel kirjeldatud ning Purustaja O\u00dc poolt pakutavaid teenuseid v\u00f5ib seega pidada nii erinevateks etappideks \u00fche projekti raames kui vastava spetsiifilise vajaduse olemasolu korral ka kliendi poolt sisseostetud kindlapiiriliseks t\u00f6\u00f6v\u00f5tuks.<\/p>\n<p>\u00dclevaate lihtsustamiseks oleme s\u00fcstematiseerinud oma teenustevaliku l\u00e4htuvalt lammutamise ja lammutamisega seotud tegevuste loogilistest etappidest:<\/p>\n<ul>\n<li>anname n\u00f5u, kuidas toimida enne lammutamist,<\/li>\n<li>toome v\u00e4lja peamised tegevused ja teenused lammutamise enda juures,<\/li>\n<li>n\u00e4itame, mida on vaja teha hoone lammutamise j\u00e4rel,<\/li>\n<li>aitame valmistuda uute hoonete ja rajatiste ehitamiseks,<\/li>\n<li>pakume lammutamise ja ehitusj\u00e4\u00e4tmetega seotud lisateenuseid.<\/li>\n<\/ul>\n","protected":false},"excerpt":{"rendered":"<p>K\u00e4esoleval lehek\u00fcljel kirjeldatud ning Purustaja O\u00dc poolt pakutavaid teenuseid v\u00f5ib seega pidada nii erinevateks etappideks \u00fche projekti raames kui vastava spetsiifilise vajaduse olemasolu korral ka kliendi poolt sisseostetud kindlapiiriliseks t\u00f6\u00f6v\u00f5tuks. \u00dclevaate lihtsustamiseks oleme s\u00fcstematiseerinud oma teenustevaliku l\u00e4htuvalt lammutamise ja lammutamisega seotud tegevuste loogilistest etappidest: anname n\u00f5u, kuidas toimida enne lammutamist, toome v\u00e4lja peamised tegevused ja &hellip; <span class=\"read-more\">Loe edasi<\/span><\/p>\n","protected":false},"author":2,"featured_media":0,"parent":0,"menu_order":6,"comment_status":"closed","ping_status":"closed","template":"","meta":{"footnotes":""},"class_list":["post-11","page","type-page","status-publish","hentry"],"_links":{"self":[{"href":"https:\/\/purkupro.fi\/et\/wp-json\/wp\/v2\/pages\/11","targetHints":{"allow":["GET"]}}],"collection":[{"href":"https:\/\/purkupro.fi\/et\/wp-json\/wp\/v2\/pages"}],"about":[{"href":"https:\/\/purkupro.fi\/et\/wp-json\/wp\/v2\/types\/page"}],"author":[{"embeddable":true,"href":"https:\/\/purkupro.fi\/et\/wp-json\/wp\/v2\/users\/2"}],"replies":[{"embeddable":true,"href":"https:\/\/purkupro.fi\/et\/wp-json\/wp\/v2\/comments?post=11"}],"version-history":[{"count":4,"href":"https:\/\/purkupro.fi\/et\/wp-json\/wp\/v2\/pages\/11\/revisions"}],"predecessor-version":[{"id":174,"href":"https:\/\/purkupro.fi\/et\/wp-json\/wp\/v2\/pages\/11\/revisions\/174"}],"wp:attachment":[{"href":"https:\/\/purkupro.fi\/et\/wp-json\/wp\/v2\/media?parent=11"}],"curies":[{"name":"wp","href":"https:\/\/api.w.org\/{rel}","templated":true}]}}