{"id":15,"date":"2015-04-22T09:53:16","date_gmt":"2015-04-22T06:53:16","guid":{"rendered":"https:\/\/purkupro.fi\/?page_id=15"},"modified":"2015-06-15T12:27:50","modified_gmt":"2015-06-15T09:27:50","slug":"lammutustood","status":"publish","type":"page","link":"https:\/\/purkupro.fi\/et\/teenused\/lammutustood\/","title":{"rendered":"Lammutust\u00f6\u00f6d"},"content":{"rendered":"<p>Lammutust\u00f6\u00f6de l\u00e4biviimise k\u00e4igus on Purustaja O\u00dc valmis teostama nii hoonete t\u00e4ielikku ja kompleksset lammutamist, siselammutust kui ettevalmistatud hoonekarpide lammutamist enda k\u00e4sutuses oleva masinapargiga.<br \/>\nKui t\u00f6\u00f6de k\u00e4igus ilmneb vajadus spetsiifiliste erit\u00f6\u00f6de j\u00e4rele (ohtlike j\u00e4\u00e4tmete eemaldamine, oluliste kommunikatsioonide \u00fcmbert\u00f5stmine jmt), siis integreerime t\u00f6\u00f6v\u00f5ttu vastava ala spetsialistid v\u00f5i firmad.<\/p>\n<p><strong>Suurehitiste lammutamine<\/strong><br \/>\nSuurehitiste \u2013 tehaste, laohoonete, infrastruktuuriv\u00f5rkude, k\u00f5rgete korterelamute ja \u00e4rihoonete \u2013 lammutamine k\u00e4tkeb endas v\u00f5imsate tehnika\u00fcksuste, inimt\u00f6\u00f6j\u00f5u ja tehnoloogia oskuslikku kombineerimist. Siin p\u00f5imub suurte j\u00e4\u00e4tmemahtude l\u00e4bit\u00f6\u00f6tlemine, k\u00f5rgendatud t\u00f6\u00f6turvalisuse riskide, logistika ning pingelise t\u00f6\u00f6graafiku juhtimine. Purustaja O\u00dc omab nendele n\u00f5udmistele vastavat masinaparki, aastatega kogenud t\u00f6\u00f6j\u00f5udu ning valmisolekut kliendi jaoks paindlike finantseerimisskeemide v\u00e4ljat\u00f6\u00f6tamiseks.<\/p>\n<p><strong>V\u00e4ikehoonete ja \u2013rajatiste lammutamine<\/strong><br \/>\nV\u00e4ikehoonete (eramud, k\u00f5rvalhooned, 1- ja -2 korruselised \u00e4rihooned jmt) lammutamine ei n\u00f5ua k\u00fcll \u00fclem\u00e4\u00e4ra v\u00f5imsaid ehitusmasinaid, kuid sobivate t\u00f6\u00f6v\u00f5tete ja tehnoloogia kombineerimine on siingi kohal oluline.<br \/>\nJuhul, kui \u00fcmbritsevad olud ei luba lammutust\u00f6\u00f6de teostamist roomikekskavaatoritega, on Purustaja O\u00dc valmis neid l\u00e4bi viima ratasalustel ehitusmasinatega.<\/p>\n<p><strong>Siselammutus<\/strong><br \/>\nPurustaja O\u00dc teostab siselammutust nii omaette t\u00f6\u00f6l\u00f5iguna kui ettevalmistava etapina t\u00e4islammutuse raames.<br \/>\nRenoveeritavate hoonete puhul on siselammutus omaette t\u00f6\u00f6l\u00f5iguks, mille k\u00e4igus eemaldatakse n\u00e4iteks<\/p>\n<ul>\n<li>ebavajalikud vaheseinad,<\/li>\n<li>kulunud viimistlusmaterjalid,<\/li>\n<li>amortiseerunud kommunikatsioonid (juhtmed, torud, k\u00fcttes\u00fcsteemid),<\/li>\n<li>v\u00e4ljavahetamisele minevad uksed ja aknad.<\/li>\n<\/ul>\n<p>T\u00e4ielikult lammutatavate hoonete puhul on siselammutuse eesm\u00e4rgiks hoonekarbi ettevalmistamine t\u00e4islammutamiseks, pidades silmas optimaalset j\u00e4\u00e4tmek\u00e4itlust ning madalamaid kulusid. Betoonist ja\/v\u00f5i tellisest p\u00f5hikonstruktsiooniga ehitiste puhul eemaldatakse enne suurte ekskavaatorite t\u00f6\u00f6sserakendamist n\u00e4iteks ripplaed, kommunikatsioonid, kipsist vaheseinad, aknade ja uksed jmt. Ka puitehitiste puhul kuuluvad kips, keraamikaplaadid, kaablid, linoleum jm viimistlusmaterjalid eelnevalt k\u00e4sistsi v\u00f5i v\u00e4ikemasinatega eemaldamisele.<\/p>\n<p><strong>Asbestit\u00f6\u00f6d<\/strong><br \/>\nAsbest on ehitusmaterjal, mille ohtlikkust sellega kokkupuutuvatele inimestele on nii Eestis kui paljudes teistes arenevates maades alahinnatud. Kuni 1980ndate aastateni olid asbesti sisaldavad materjalid \u00fcsna levinud, mist\u00f5ttu asbestit\u00f6\u00f6de vajadus esineb v\u00e4ga paljude ehitiste lammutamisel. Purustaja O\u00dc kaasab selleks oma objektidele vastava ettevalmistuse ja varustusega partnerid.<br \/>\nAsbesti sisaldavad endas n\u00e4iteks valdav osa eterniittahvlitest, paljud isolatsioonimaterjalid, m\u00f5ningad sidusained (liimid, m\u00f6rdid) ja viimistlusplaadid \u2013 ehk ehitusmaterjalid ja ehitiste osad, mille lammutamise k\u00e4igus on t\u00f6\u00f6tajatel reaalne oht kokku puutuda asbestitolmuga. Siinkohal tahaks me r\u00f5hutda, et asbestit\u00f6\u00f6de tegemise vajadusega arvestav klient ei juhi mitte \u00fcksnes \u00fcmbritseva keskkonna saastamisega seotud riske, vaid n\u00e4itab ennek\u00f5ike \u00fcles hoolivust lammutust\u00f6id l\u00e4biviivate t\u00f6\u00f6tajate suhtes.<\/p>\n","protected":false},"excerpt":{"rendered":"<p>Lammutust\u00f6\u00f6de l\u00e4biviimise k\u00e4igus on Purustaja O\u00dc valmis teostama nii hoonete t\u00e4ielikku ja kompleksset lammutamist, siselammutust kui ettevalmistatud hoonekarpide lammutamist enda k\u00e4sutuses oleva masinapargiga. Kui t\u00f6\u00f6de k\u00e4igus ilmneb vajadus spetsiifiliste erit\u00f6\u00f6de j\u00e4rele (ohtlike j\u00e4\u00e4tmete eemaldamine, oluliste kommunikatsioonide \u00fcmbert\u00f5stmine jmt), siis integreerime t\u00f6\u00f6v\u00f5ttu vastava ala spetsialistid v\u00f5i firmad. Suurehitiste lammutamine Suurehitiste \u2013 tehaste, laohoonete, infrastruktuuriv\u00f5rkude, k\u00f5rgete korterelamute &hellip; <span class=\"read-more\">Loe edasi<\/span><\/p>\n","protected":false},"author":2,"featured_media":0,"parent":11,"menu_order":2,"comment_status":"closed","ping_status":"closed","template":"","meta":{"footnotes":""},"class_list":["post-15","page","type-page","status-publish","hentry"],"_links":{"self":[{"href":"https:\/\/purkupro.fi\/et\/wp-json\/wp\/v2\/pages\/15","targetHints":{"allow":["GET"]}}],"collection":[{"href":"https:\/\/purkupro.fi\/et\/wp-json\/wp\/v2\/pages"}],"about":[{"href":"https:\/\/purkupro.fi\/et\/wp-json\/wp\/v2\/types\/page"}],"author":[{"embeddable":true,"href":"https:\/\/purkupro.fi\/et\/wp-json\/wp\/v2\/users\/2"}],"replies":[{"embeddable":true,"href":"https:\/\/purkupro.fi\/et\/wp-json\/wp\/v2\/comments?post=15"}],"version-history":[{"count":3,"href":"https:\/\/purkupro.fi\/et\/wp-json\/wp\/v2\/pages\/15\/revisions"}],"predecessor-version":[{"id":187,"href":"https:\/\/purkupro.fi\/et\/wp-json\/wp\/v2\/pages\/15\/revisions\/187"}],"up":[{"embeddable":true,"href":"https:\/\/purkupro.fi\/et\/wp-json\/wp\/v2\/pages\/11"}],"wp:attachment":[{"href":"https:\/\/purkupro.fi\/et\/wp-json\/wp\/v2\/media?parent=15"}],"curies":[{"name":"wp","href":"https:\/\/api.w.org\/{rel}","templated":true}]}}