{"id":19,"date":"2015-04-22T09:53:35","date_gmt":"2015-04-22T06:53:35","guid":{"rendered":"https:\/\/purkupro.fi\/?page_id=19"},"modified":"2015-06-15T12:28:12","modified_gmt":"2015-06-15T09:28:12","slug":"ehituse-eelsed-tood","status":"publish","type":"page","link":"https:\/\/purkupro.fi\/et\/teenused\/ehituse-eelsed-tood\/","title":{"rendered":"Ehituse eelsed t\u00f6\u00f6d"},"content":{"rendered":"<p>Tihtipeale on lammutamine tihedalt seotud j\u00e4rgneva ehitustegevusega \u2013 vanu hooneid demonteerides ja eemaldades tehakse ruumi uutele ehitistele. Sellistes tingimustes omab t\u00f6id tegev lammutusfirma tihtipeale mitmeid (kulu)eeliseid erinevate ettevalmist\u00f6\u00f6de l\u00e4biviimiseks \u2013 t\u00f6\u00f6s kasutatav tehnika asub juba ehitusplatsil, t\u00f6\u00f6tajad ja spetsialistid on kursis antud objekti ise\u00e4rasustega ning suuremast t\u00f6\u00f6l\u00f5igust peegeldub ka \u00fcldine mastaabis\u00e4\u00e4st.<\/p>\n<p>Uute ehitiste rajamise ettevalmistavateks t\u00f6\u00f6deks Purustaja O\u00dc poolt on n\u00e4iteks:<\/p>\n<ul>\n<li><strong>Pinnase kaevamine ja \u00e4ravedu<\/strong><br \/>\nTeenuse raames kaevatakse pinnas soovitud k\u00f5rgusn\u00e4itajateni ning kaevematerjal ladustatakse v\u00f5i transporditakse ehitusplatsilt minema.<\/li>\n<li><strong>Vundamendikaevikute rajamine<br \/>\n<\/strong>Ehitusfirma kaevab sobivates m\u00f5\u00f5tudes ning soovitud s\u00fcgavuseni vundamendiaugud.<\/li>\n<li><strong>Killustikust vundamendialuste rajamine<br \/>\n<\/strong>Vundamendikaevikute p\u00f5hja rajatakse killustikust p\u00f5hjad vastavalt antud objekti ehitusprojektis etten\u00e4htud normatiividele.<\/li>\n<li><strong>Teede ja platside aluste rajamine (liivap\u00f5hja ja killustikualuste tegemine)<\/strong><br \/>\nTeede ja platside aluste rajamine k\u00e4tkeb endas samuti suurte ehitusmaterjali mahtude \u2013 kaevatav pinnas, liiv, killustik \u2013 l\u00e4bit\u00f6\u00f6tamist. Purustaja O\u00dc omab selle jaoks piisava v\u00f5imsusega tehnikat ning materjalide logistika kogemust, mis on oluline vastavate t\u00f6\u00f6de tegemiseks.<\/li>\n<\/ul>\n","protected":false},"excerpt":{"rendered":"<p>Tihtipeale on lammutamine tihedalt seotud j\u00e4rgneva ehitustegevusega \u2013 vanu hooneid demonteerides ja eemaldades tehakse ruumi uutele ehitistele. Sellistes tingimustes omab t\u00f6id tegev lammutusfirma tihtipeale mitmeid (kulu)eeliseid erinevate ettevalmist\u00f6\u00f6de l\u00e4biviimiseks \u2013 t\u00f6\u00f6s kasutatav tehnika asub juba ehitusplatsil, t\u00f6\u00f6tajad ja spetsialistid on kursis antud objekti ise\u00e4rasustega ning suuremast t\u00f6\u00f6l\u00f5igust peegeldub ka \u00fcldine mastaabis\u00e4\u00e4st. Uute ehitiste rajamise ettevalmistavateks &hellip; <span class=\"read-more\">Loe edasi<\/span><\/p>\n","protected":false},"author":2,"featured_media":0,"parent":11,"menu_order":4,"comment_status":"closed","ping_status":"closed","template":"","meta":{"footnotes":""},"class_list":["post-19","page","type-page","status-publish","hentry"],"_links":{"self":[{"href":"https:\/\/purkupro.fi\/et\/wp-json\/wp\/v2\/pages\/19","targetHints":{"allow":["GET"]}}],"collection":[{"href":"https:\/\/purkupro.fi\/et\/wp-json\/wp\/v2\/pages"}],"about":[{"href":"https:\/\/purkupro.fi\/et\/wp-json\/wp\/v2\/types\/page"}],"author":[{"embeddable":true,"href":"https:\/\/purkupro.fi\/et\/wp-json\/wp\/v2\/users\/2"}],"replies":[{"embeddable":true,"href":"https:\/\/purkupro.fi\/et\/wp-json\/wp\/v2\/comments?post=19"}],"version-history":[{"count":4,"href":"https:\/\/purkupro.fi\/et\/wp-json\/wp\/v2\/pages\/19\/revisions"}],"predecessor-version":[{"id":205,"href":"https:\/\/purkupro.fi\/et\/wp-json\/wp\/v2\/pages\/19\/revisions\/205"}],"up":[{"embeddable":true,"href":"https:\/\/purkupro.fi\/et\/wp-json\/wp\/v2\/pages\/11"}],"wp:attachment":[{"href":"https:\/\/purkupro.fi\/et\/wp-json\/wp\/v2\/media?parent=19"}],"curies":[{"name":"wp","href":"https:\/\/api.w.org\/{rel}","templated":true}]}}