{"id":21,"date":"2015-04-22T09:53:44","date_gmt":"2015-04-22T06:53:44","guid":{"rendered":"https:\/\/purkupro.fi\/?page_id=21"},"modified":"2015-06-15T12:28:12","modified_gmt":"2015-06-15T09:28:12","slug":"lisateenused","status":"publish","type":"page","link":"https:\/\/purkupro.fi\/et\/teenused\/lisateenused\/","title":{"rendered":"Lisateenused"},"content":{"rendered":"<h2>Metallil\u00f5ikamine<\/h2>\n<p>Ekskavaatorile monteeritud h\u00fcdrauliliste replica watches k\u00e4\u00e4ridega saab lammutada ja l\u00f5igata replica omega teraskonstruktsioone replica watches ning t\u00f6\u00f6delda vanametalli, luues sellele m\u00fc\u00fcgieelset replica rolex lisav\u00e4\u00e4rtust (gabariiti l\u00f5igatud metalli replica watches eest maksavad kokkuostjad 200-300 krooni tonni kohta enam). 250-tonnise l\u00f5ikej\u00f5uga k\u00e4\u00e4rid v\u00f5imaldavad l\u00f5igata kuni 15 mm terasplaati, 400 mm IPN-tala v\u00f5i 65 mm raudvarba.<\/p>\n<p>Purustaja O\u00dc olemasoleva tehnikaga saab riskivabalt l\u00f5igata tuleohtlikus keskkonnas v\u00f5i vee all; ohutustada survemahuteid ning t\u00fckeldada kergestis\u00fcttivat materjali.<\/p>\n<h2>Kivipurustamine<\/h2>\n<p>Mobiilne kivipurusti Nordberh LT116 on piisavalt v\u00f5imas, t\u00f6\u00f6tlemaks k\u00f5iki meil leiduvaid looduslikke ja tehiskivimaterjale:<\/p>\n<ul>\n<li>paekivi,<\/li>\n<li>maakivi,<\/li>\n<li>graniit,<\/li>\n<li>tellisej\u00e4\u00e4tmed,<\/li>\n<li>asfalt,<\/li>\n<li>raudbetoon jmt.<\/li>\n<\/ul>\n<p>S\u00f5ltuvalt purusti l\u00f5ugade asetusest on rolex replica toodetav materjal fraktsioonis 0-60\/150 mm ning kivipurusti tootlus 65-180 t\/h. Kivipurusti replica watches magnetseparaator tagab, et materjalis leiduvad metallesemed (armatuur, naelad, torud jmt) eraldatakse toodetavast t\u00e4itematerjalist.<\/p>\n<h2>Ekskavaatoriteenused erinevate lisavarustusseadmetega<\/h2>\n<p>Mitmekesiselt varustatud Purustaja O\u00dc h\u00fcdraulilised roomik- ja ratasekskavaatorid on suutelised pakkuma allj\u00e4rgnevaid teenuseid:<\/p>\n<ul>\n<li>l\u00f5hkumist\u00f6\u00f6d h\u00fcdravasaraga (nn rammeriga) \u2013 rolex replica paepinnase,vundamentide, suurem\u00f5\u00f5duliste betoondetailide jmt purustamiseks,betooni ja tellisej\u00e4\u00e4tmete pulbristamine,<\/li>\n<li>betooni ja tellisej\u00e4\u00e4tmete rolex replica pulbristamine,<\/li>\n<li>kaevet\u00f6\u00f6d kaevekoppadega,<\/li>\n<li>materjalide sorteerimine ja laadimine haaratsiga,<\/li>\n<li>materjalide sorteerimine ja laadimine greiferiga,<\/li>\n<li>materjalide laadimine puisteainekopaga.<\/li>\n<\/ul>\n","protected":false},"excerpt":{"rendered":"<p>Metallil\u00f5ikamine Ekskavaatorile monteeritud h\u00fcdrauliliste replica watches k\u00e4\u00e4ridega saab lammutada ja l\u00f5igata replica omega teraskonstruktsioone replica watches ning t\u00f6\u00f6delda vanametalli, luues sellele m\u00fc\u00fcgieelset replica rolex lisav\u00e4\u00e4rtust (gabariiti l\u00f5igatud metalli replica watches eest maksavad kokkuostjad 200-300 krooni tonni kohta enam). 250-tonnise l\u00f5ikej\u00f5uga k\u00e4\u00e4rid v\u00f5imaldavad l\u00f5igata kuni 15 mm terasplaati, 400 mm IPN-tala v\u00f5i 65 mm raudvarba. Purustaja &hellip; <span class=\"read-more\">Loe edasi<\/span><\/p>\n","protected":false},"author":2,"featured_media":0,"parent":11,"menu_order":6,"comment_status":"closed","ping_status":"closed","template":"","meta":{"footnotes":""},"class_list":["post-21","page","type-page","status-publish","hentry"],"_links":{"self":[{"href":"https:\/\/purkupro.fi\/et\/wp-json\/wp\/v2\/pages\/21","targetHints":{"allow":["GET"]}}],"collection":[{"href":"https:\/\/purkupro.fi\/et\/wp-json\/wp\/v2\/pages"}],"about":[{"href":"https:\/\/purkupro.fi\/et\/wp-json\/wp\/v2\/types\/page"}],"author":[{"embeddable":true,"href":"https:\/\/purkupro.fi\/et\/wp-json\/wp\/v2\/users\/2"}],"replies":[{"embeddable":true,"href":"https:\/\/purkupro.fi\/et\/wp-json\/wp\/v2\/comments?post=21"}],"version-history":[{"count":4,"href":"https:\/\/purkupro.fi\/et\/wp-json\/wp\/v2\/pages\/21\/revisions"}],"predecessor-version":[{"id":208,"href":"https:\/\/purkupro.fi\/et\/wp-json\/wp\/v2\/pages\/21\/revisions\/208"}],"up":[{"embeddable":true,"href":"https:\/\/purkupro.fi\/et\/wp-json\/wp\/v2\/pages\/11"}],"wp:attachment":[{"href":"https:\/\/purkupro.fi\/et\/wp-json\/wp\/v2\/media?parent=21"}],"curies":[{"name":"wp","href":"https:\/\/api.w.org\/{rel}","templated":true}]}}