{"id":225,"date":"2015-05-27T16:09:19","date_gmt":"2015-05-27T13:09:19","guid":{"rendered":"https:\/\/purkupro.fi\/?page_id=225"},"modified":"2015-06-15T12:28:32","modified_gmt":"2015-06-15T09:28:32","slug":"keskkond","status":"publish","type":"page","link":"https:\/\/purkupro.fi\/et\/keskkond\/","title":{"rendered":"Keskkond"},"content":{"rendered":"<p>Lammutamine on tegevusvaldkond, kus kesksel kohal on keskkond ja keskkonnak\u00fcsimused. Samas ei tohiks seda teemak\u00e4sitlust piiritleda \u00fcksnes meid \u00fcmbritseva loodus- ja elukeskkonnaga. Ehitusettev\u00f5te, sealhulgas lammutamisega tegelev ettev\u00f5te, peab arvestama oma tegevuse m\u00f5judega muudeski dimensioonides \u2013 hankijad, kliendid, konkurentsisituatsioon, \u00fchiskond laiemalt. Purustaja O\u00dc on oma tegevuse \u00fclesehitamisel l\u00e4htunud k\u00f5rgetest \u00fchiskondliku vastutuse (corporate social responsibility) n\u00f5uetest.<\/p>\n<p>Ettev\u00f5te k\u00e4itub \u00fcmbritseva keskkonna suhtes ausalt ja j\u00e4tkusuutlikult, kui ta:<\/p>\n<ul>\n<li>kasutab tootmisressursse efektiivselt, s\u00e4\u00e4stes loodusvarasid,<\/li>\n<li>lammutamisettev\u00f5ttena sorteerib ehitusj\u00e4\u00e4tmed ja utiliseerib neist taaskasutuseks mittek\u00f5lbulikud osad selleks etten\u00e4htud paikades,<\/li>\n<li>arvestab ja tasub riigimakse,<\/li>\n<li>arveldab \u00f5iglaselt ja kokkulepitud alustel oma hankijate ning t\u00f6\u00f6tajatega,<\/li>\n<\/ul>\n<p>Loodetavasti j\u00e4\u00e4vad majanduskasvu taastudes ka teated turuosaliste vastutustundetust k\u00e4itumisest \u00fches v\u00f5i teises eelpool toodud aspektides m\u00f6\u00f6danikku.<\/p>\n","protected":false},"excerpt":{"rendered":"<p>Lammutamine on tegevusvaldkond, kus kesksel kohal on keskkond ja keskkonnak\u00fcsimused. Samas ei tohiks seda teemak\u00e4sitlust piiritleda \u00fcksnes meid \u00fcmbritseva loodus- ja elukeskkonnaga. Ehitusettev\u00f5te, sealhulgas lammutamisega tegelev ettev\u00f5te, peab arvestama oma tegevuse m\u00f5judega muudeski dimensioonides \u2013 hankijad, kliendid, konkurentsisituatsioon, \u00fchiskond laiemalt. Purustaja O\u00dc on oma tegevuse \u00fclesehitamisel l\u00e4htunud k\u00f5rgetest \u00fchiskondliku vastutuse (corporate social responsibility) n\u00f5uetest. Ettev\u00f5te &hellip; <span class=\"read-more\">Loe edasi<\/span><\/p>\n","protected":false},"author":2,"featured_media":0,"parent":0,"menu_order":9,"comment_status":"closed","ping_status":"closed","template":"","meta":{"footnotes":""},"class_list":["post-225","page","type-page","status-publish","hentry"],"_links":{"self":[{"href":"https:\/\/purkupro.fi\/et\/wp-json\/wp\/v2\/pages\/225","targetHints":{"allow":["GET"]}}],"collection":[{"href":"https:\/\/purkupro.fi\/et\/wp-json\/wp\/v2\/pages"}],"about":[{"href":"https:\/\/purkupro.fi\/et\/wp-json\/wp\/v2\/types\/page"}],"author":[{"embeddable":true,"href":"https:\/\/purkupro.fi\/et\/wp-json\/wp\/v2\/users\/2"}],"replies":[{"embeddable":true,"href":"https:\/\/purkupro.fi\/et\/wp-json\/wp\/v2\/comments?post=225"}],"version-history":[{"count":1,"href":"https:\/\/purkupro.fi\/et\/wp-json\/wp\/v2\/pages\/225\/revisions"}],"predecessor-version":[{"id":226,"href":"https:\/\/purkupro.fi\/et\/wp-json\/wp\/v2\/pages\/225\/revisions\/226"}],"wp:attachment":[{"href":"https:\/\/purkupro.fi\/et\/wp-json\/wp\/v2\/media?parent=225"}],"curies":[{"name":"wp","href":"https:\/\/api.w.org\/{rel}","templated":true}]}}