{"id":972,"date":"2018-07-05T10:00:24","date_gmt":"2018-07-05T07:00:24","guid":{"rendered":"https:\/\/purkupro.fi\/?page_id=972"},"modified":"2018-07-05T10:00:24","modified_gmt":"2018-07-05T07:00:24","slug":"kivipurustamine","status":"publish","type":"page","link":"https:\/\/purkupro.fi\/et\/teenused\/kivipurustamine\/","title":{"rendered":"Kivipurustamine"},"content":{"rendered":"<p>PurkuPro Oy omab pikaajalist kogemust kivipurustamise valdkonnas. Oleme Soome turul tegutsenud alates aastast 2010 ning selle k\u00e4igus pakkunud teenuseid \u00fcle kogu l\u00f5una-Soome. Meie m\u00e4rks\u00f5nadeks on v\u00f5imas masinapark ning lai teenustevalik.<\/p>\n<p>Ettev\u00f5tte omanduses olev masinapark v\u00f5imaldab k\u00f5igi siinkandi ehitusmaterjalide purustamist ja s\u00f5elumist: ehitusj\u00e4\u00e4tmed (tellised ja betoon), kruus, graniit, paekivi, liiv, pinnas.<\/p>\n<p>Telliste ja betooni purustamine<br \/>\nOleme pakkunud ehitusj\u00e4\u00e4tmete purustamist rohkem kui 10s j\u00e4\u00e4tmek\u00e4itluskohas v\u00f5i pr\u00fcgilas alates aastas 2010. T\u00e4nu v\u00f5idetud riigihanketele oleme olnud pikaajalised partnerid Kuopios, Hyvink\u00e4\u00e4l, H\u00e4meenlinnas ja \u00c4mm\u00e4ssuol.<\/p>\n<p>Graniidi purustamine<br \/>\n50-tonnine l\u00f5ugpurusti sobib ideaalselt graniidikivide eelpurustamieks (0-150 mm fraktsiooni). Kui lisada tootmiskomplekti koonuspurusti, saame toota k\u00f5iki soovitud peenemaid fraktsioone.<\/p>\n<p>Kruusa ja moreeni purustamine<br \/>\nEttev\u00f5ttel on suur tootmisv\u00f5imsus t\u00e4nu kolmele suurele masinale \u2013 kahele rootorpurustile ja \u00fchele koonuspurustile. Nii suudame pakkuda suure j\u00f5udlusega teenust.<\/p>\n<p>Liiva, mulla ja pinnase s\u00f5elumine<br \/>\nMeie kaks eels\u00f5ela on igati sobilikud nii liiva, pinnase kui mulla s\u00f5elumiseks. Samas omame kogemust ka tahkete k\u00fctuste (nt s\u00fcsi) s\u00f5elumisel.<\/p>\n<p>Masinapark koosneb:<\/p>\n<ul>\n<li>\u00dchest 30-tonnisest (Metso LT96) ning kahest 50-tonnisest l\u00f5ugpurustist (Metso LT116, McCloskey J50)<\/li>\n<li>Kahest 50-tonnisest rootorpurustist (Metso LT1213S, McCloskey i44R)<\/li>\n<li>Koonuspurustist Sandvik QH441<\/li>\n<li>Kahest eels\u00f5elast (Metso ST272, Sandvik R155)<\/li>\n<li>Kahest kruusa- ja killustikus\u00f5elast (McCloskey S190TD, Sandvik QA451)<\/li>\n<li>Kahest mobiilsest transport\u00f6\u00f6rist (McCloskey ST80, Edge TS650)<\/li>\n<\/ul>\n<p>&nbsp;<\/p>\n","protected":false},"excerpt":{"rendered":"<p>PurkuPro Oy omab pikaajalist kogemust kivipurustamise valdkonnas. Oleme Soome turul tegutsenud alates aastast 2010 ning selle k\u00e4igus pakkunud teenuseid \u00fcle kogu l\u00f5una-Soome. Meie m\u00e4rks\u00f5nadeks on v\u00f5imas masinapark ning lai teenustevalik. Ettev\u00f5tte omanduses olev masinapark v\u00f5imaldab k\u00f5igi siinkandi ehitusmaterjalide purustamist ja s\u00f5elumist: ehitusj\u00e4\u00e4tmed (tellised ja betoon), kruus, graniit, paekivi, liiv, pinnas. Telliste ja betooni purustamine Oleme &hellip; <span class=\"read-more\">Loe edasi<\/span><\/p>\n","protected":false},"author":2,"featured_media":0,"parent":11,"menu_order":6,"comment_status":"closed","ping_status":"closed","template":"","meta":{"footnotes":""},"class_list":["post-972","page","type-page","status-publish","hentry"],"_links":{"self":[{"href":"https:\/\/purkupro.fi\/et\/wp-json\/wp\/v2\/pages\/972","targetHints":{"allow":["GET"]}}],"collection":[{"href":"https:\/\/purkupro.fi\/et\/wp-json\/wp\/v2\/pages"}],"about":[{"href":"https:\/\/purkupro.fi\/et\/wp-json\/wp\/v2\/types\/page"}],"author":[{"embeddable":true,"href":"https:\/\/purkupro.fi\/et\/wp-json\/wp\/v2\/users\/2"}],"replies":[{"embeddable":true,"href":"https:\/\/purkupro.fi\/et\/wp-json\/wp\/v2\/comments?post=972"}],"version-history":[{"count":1,"href":"https:\/\/purkupro.fi\/et\/wp-json\/wp\/v2\/pages\/972\/revisions"}],"predecessor-version":[{"id":973,"href":"https:\/\/purkupro.fi\/et\/wp-json\/wp\/v2\/pages\/972\/revisions\/973"}],"up":[{"embeddable":true,"href":"https:\/\/purkupro.fi\/et\/wp-json\/wp\/v2\/pages\/11"}],"wp:attachment":[{"href":"https:\/\/purkupro.fi\/et\/wp-json\/wp\/v2\/media?parent=972"}],"curies":[{"name":"wp","href":"https:\/\/api.w.org\/{rel}","templated":true}]}}