{"id":617,"date":"2015-06-15T11:53:43","date_gmt":"2015-06-15T08:53:43","guid":{"rendered":"https:\/\/purkupro.fi\/?page_id=617"},"modified":"2017-04-04T15:13:03","modified_gmt":"2017-04-04T12:13:03","slug":"tjanster","status":"publish","type":"page","link":"https:\/\/purkupro.fi\/sv\/tjanster\/","title":{"rendered":"Tj\u00e4nster"},"content":{"rendered":"<p>Syftet med bolagets PurkuPro Oy verksamhet \u00e4r att kunna erbjuda sina kunder ett maximalt brett anbud av rivningsbranschens tj\u00e4nster, som vid flera projekt utg\u00f6r en komplex helhet.<\/p>\n<p>Det vill s\u00e4ga att p\u00e5 denna sida beskrivna och av PurkuPro Oy erbjudna tj\u00e4nster kan betraktas som olika etapper i ramar av ett konkret projekt, och i fall av kundens specifika behov ocks\u00e5 som av kunden ink\u00f6pta konkreta arbetsuppdrag.<\/p>\n<p>F\u00f6r att f\u00f6renkla \u00f6versikten har vi satt v\u00e5rt tj\u00e4nsteanbud i ett system, och detta utg\u00e5ende fr\u00e5n rivningsprocessens och d\u00e4rmed f\u00f6rbundna verksamheters logistiska etapper:<\/p>\n<ul>\n<li>Vi ger r\u00e5d hur att handla innan rivningen ska utf\u00f6ras;<\/li>\n<li>Vi redog\u00f6r de viktigaste handlingar och tj\u00e4nster vid egentliga rivningen;<\/li>\n<li>Vi visar p\u00e5 vad som beh\u00f6vs att g\u00f6ra efter byggnadens rivning;<\/li>\n<li>Vi hj\u00e4lper att f\u00f6rbereda sig p\u00e5 nya byggnaders och anl\u00e4ggningars uppf\u00f6rande;<\/li>\n<li>Vi erbjuder extratj\u00e4nster i samband med rivningsarbeten och byggnadsresters hantering.<\/li>\n<\/ul>\n","protected":false},"excerpt":{"rendered":"<p>Syftet med bolagets PurkuPro Oy verksamhet \u00e4r att kunna erbjuda sina kunder ett maximalt brett anbud av rivningsbranschens tj\u00e4nster, som vid flera projekt utg\u00f6r en komplex helhet. Det vill s\u00e4ga att p\u00e5 denna sida beskrivna och av PurkuPro Oy erbjudna tj\u00e4nster kan betraktas som olika etapper i ramar av ett konkret projekt, och i fall &hellip; <span class=\"read-more\">Loe edasi<\/span><\/p>\n","protected":false},"author":2,"featured_media":0,"parent":0,"menu_order":6,"comment_status":"closed","ping_status":"closed","template":"","meta":{"footnotes":""},"class_list":["post-617","page","type-page","status-publish","hentry"],"_links":{"self":[{"href":"https:\/\/purkupro.fi\/sv\/wp-json\/wp\/v2\/pages\/617","targetHints":{"allow":["GET"]}}],"collection":[{"href":"https:\/\/purkupro.fi\/sv\/wp-json\/wp\/v2\/pages"}],"about":[{"href":"https:\/\/purkupro.fi\/sv\/wp-json\/wp\/v2\/types\/page"}],"author":[{"embeddable":true,"href":"https:\/\/purkupro.fi\/sv\/wp-json\/wp\/v2\/users\/2"}],"replies":[{"embeddable":true,"href":"https:\/\/purkupro.fi\/sv\/wp-json\/wp\/v2\/comments?post=617"}],"version-history":[{"count":1,"href":"https:\/\/purkupro.fi\/sv\/wp-json\/wp\/v2\/pages\/617\/revisions"}],"predecessor-version":[{"id":618,"href":"https:\/\/purkupro.fi\/sv\/wp-json\/wp\/v2\/pages\/617\/revisions\/618"}],"wp:attachment":[{"href":"https:\/\/purkupro.fi\/sv\/wp-json\/wp\/v2\/media?parent=617"}],"curies":[{"name":"wp","href":"https:\/\/api.w.org\/{rel}","templated":true}]}}