{"id":621,"date":"2015-06-15T11:57:47","date_gmt":"2015-06-15T08:57:47","guid":{"rendered":"https:\/\/purkupro.fi\/?page_id=621"},"modified":"2015-06-15T11:57:47","modified_gmt":"2015-06-15T08:57:47","slug":"verksamheter-fore-rivning","status":"publish","type":"page","link":"https:\/\/purkupro.fi\/sv\/tjanster\/verksamheter-fore-rivning\/","title":{"rendered":"Verksamheter f\u00f6re rivning"},"content":{"rendered":"<p>J\u00e4mf\u00f6rt med byggnadsprocessen kan rivningen f\u00f6refalla som n\u00e5gon snabb och billig handling, men trots detta kan oriktig planering och inte genomt\u00e4nkta handlingar medf\u00f6ra v\u00e4sentliga \u00f6kningar av materiella och finansiella kostnader. Just f\u00f6r detta syfte f\u00f6rs\u00f6ker PurkuPro Oy\u2019s medarbetare f\u00f6rmedla sina erfarenheter och ge r\u00e5d till sina potentiella kunder i rivningsprojektets maximalt tidiga f\u00f6rberedande faser.<br \/>\nF\u00f6re rivningen kan PurkuPro Oy hj\u00e4lpa sina uppdragsgivare med f\u00f6ljande tj\u00e4nster:<\/p>\n<p><strong>R\u00e5dgivning och konsultationer betr\u00e4ffande rivning<\/strong><br \/>\nUnder r\u00e5dgivning t\u00e4nker vi genom hela rivningsprocessen och framst\u00e4ller v\u00e5ra propositioner p\u00e5 planerade verksamheter. Bland annat inneb\u00e4r detta valet av passande teknologier och arbetsm\u00f6nster, \u00f6verl\u00e4ggningar betr\u00e4ffande avfallshanteringens olika varianter och rekommendationer n\u00e4r arbeten skulle utf\u00f6ras. Vi g\u00e5r ut fr\u00e5n principen, att<\/p>\n<ul>\n<li>anv\u00e4nda teknologier och arbetsm\u00f6nster b\u00f6r vara kostnadseffektiva,<\/li>\n<li>avfallshantering b\u00f6r vara optimal, dvs. att avfall m\u00e5ste sorterads och i maximalt omf\u00e5ng vidare utnyttjas (t.ex. tr\u00e4 kunde anv\u00e4ndas som input i energiproduktion, bearbetade betong och tegelsten som passande fyllnadsmaterial och metallskrot ska s\u00e4ljas till uppk\u00f6pare),<\/li>\n<li>tiden f\u00f6r arbetens utf\u00f6rande m\u00e5ste vara kostnadseffektiv och st\u00e4mma \u00f6verens med valda arbetsm\u00f6nster. Som det \u00e4r fallet ocks\u00e5 i andra ekonomibranscher, kan ov\u00e4ntat p\u00e5b\u00f6rjade rivningsverksamheter under h\u00f6gs\u00e4songen bli dyrare \u00e4n vanligt, under l\u00e4ngre planeringar b\u00f6r man samtidigt r\u00e4kna med s\u00e4songbetingade inskr\u00e4nkningar.<\/li>\n<\/ul>\n","protected":false},"excerpt":{"rendered":"<p>J\u00e4mf\u00f6rt med byggnadsprocessen kan rivningen f\u00f6refalla som n\u00e5gon snabb och billig handling, men trots detta kan oriktig planering och inte genomt\u00e4nkta handlingar medf\u00f6ra v\u00e4sentliga \u00f6kningar av materiella och finansiella kostnader. Just f\u00f6r detta syfte f\u00f6rs\u00f6ker PurkuPro Oy\u2019s medarbetare f\u00f6rmedla sina erfarenheter och ge r\u00e5d till sina potentiella kunder i rivningsprojektets maximalt tidiga f\u00f6rberedande faser. F\u00f6re &hellip; <span class=\"read-more\">Loe edasi<\/span><\/p>\n","protected":false},"author":2,"featured_media":0,"parent":617,"menu_order":1,"comment_status":"closed","ping_status":"closed","template":"","meta":{"footnotes":""},"class_list":["post-621","page","type-page","status-publish","hentry"],"_links":{"self":[{"href":"https:\/\/purkupro.fi\/sv\/wp-json\/wp\/v2\/pages\/621","targetHints":{"allow":["GET"]}}],"collection":[{"href":"https:\/\/purkupro.fi\/sv\/wp-json\/wp\/v2\/pages"}],"about":[{"href":"https:\/\/purkupro.fi\/sv\/wp-json\/wp\/v2\/types\/page"}],"author":[{"embeddable":true,"href":"https:\/\/purkupro.fi\/sv\/wp-json\/wp\/v2\/users\/2"}],"replies":[{"embeddable":true,"href":"https:\/\/purkupro.fi\/sv\/wp-json\/wp\/v2\/comments?post=621"}],"version-history":[{"count":1,"href":"https:\/\/purkupro.fi\/sv\/wp-json\/wp\/v2\/pages\/621\/revisions"}],"predecessor-version":[{"id":622,"href":"https:\/\/purkupro.fi\/sv\/wp-json\/wp\/v2\/pages\/621\/revisions\/622"}],"up":[{"embeddable":true,"href":"https:\/\/purkupro.fi\/sv\/wp-json\/wp\/v2\/pages\/617"}],"wp:attachment":[{"href":"https:\/\/purkupro.fi\/sv\/wp-json\/wp\/v2\/media?parent=621"}],"curies":[{"name":"wp","href":"https:\/\/api.w.org\/{rel}","templated":true}]}}