{"id":623,"date":"2015-06-15T12:01:10","date_gmt":"2015-06-15T09:01:10","guid":{"rendered":"https:\/\/purkupro.fi\/?page_id=623"},"modified":"2015-06-15T12:38:39","modified_gmt":"2015-06-15T09:38:39","slug":"arbeten-efter-rivning","status":"publish","type":"page","link":"https:\/\/purkupro.fi\/sv\/tjanster\/arbeten-efter-rivning\/","title":{"rendered":"Arbeten efter rivning"},"content":{"rendered":"<p>De nedan beskrivna verksamheterna g\u00e4ller visserligen som korrekta rivningsarbetets oskiljbara del, men i n\u00e5gra fall \u00e4r rivningsbolaget tvungen att utf\u00f6ra ocks\u00e5 s\u00e5dana arbeten som inte har utf\u00f6rts eller slutf\u00f6rts av andra arbetstagare eller att ordna v\u00e5rdsl\u00f6sa territorier.<\/p>\n<p><strong>Avfallshantering<\/strong><br \/>\nUtom byggnadskonstruktioners professionella demontering inneb\u00e4r rivningsarbetet ocks\u00e5 byggnadsavfallets passande hantering, vad som bidrar till milj\u00f6v\u00e4nlighet och l\u00e4gre kostnader och f\u00f6rm\u00e5ner i detta sammanhang. Nedan en kort \u00f6versikt \u00f6ver PurkuPro Oy\u2019s vanliga arbetspraktik:<\/p>\n<ul>\n<li>Metallskrot s\u00e4ljs till uppk\u00f6pare; n\u00e4stan i alla fall f\u00f6rs\u00f6ker vi vid objektprisets fastl\u00e4ggande ta h\u00e4nsyn till av denna f\u00f6rs\u00e4ljning erh\u00e5llna inkomster.<\/li>\n<li>Av Tr\u00e4 tillverkade detaljer, t.ex. f\u00f6nsterkarmar, d\u00f6rrar och d\u00f6rrkarmar, byggnadsst\u00e4llningar osv. skickas till energiproduktion, f\u00f6rst och fr\u00e4mst till vedbrandproducenter.<\/li>\n<li>Betongelement, tegelsten och annat stenmaterial ska bearbetas i stenbrytare till fyllnadsmaterial med fraktioner 0-60..150 mm, som kan anv\u00e4ndas som basis f\u00f6r byggnader, platser och v\u00e4gar.<\/li>\n<li>Avfall som inte kan \u00e5teranv\u00e4ndas (fast avfall, isoleringsmaterial, rollbitumen osv.) ska hanteras i byggnadsavfallets deponi.<\/li>\n<\/ul>\n<p><strong>Rivningsavfallets transport<\/strong><br \/>\nPurkuPro Oy sorterar det under rivningsarbeten uppkomna byggnadsavfallet och transporterar det bort fr\u00e5n byggnadsplatsen. Har man med mindre m\u00e4ngder och mindre objekt att g\u00f6ra sker detta med flyttbara multilift \u2013 l\u00e5dor, vid st\u00f6rre m\u00e4ngders transport anv\u00e4nds betr\u00e4ffande tungfordon.<\/p>\n<p><strong>Byggnadsplatsens st\u00e4dning<\/strong><br \/>\nTill uppdragsgivare ska en efter byggnaders rivning st\u00e4dad byggnadsplatsen \u00f6verl\u00e4mnas. F\u00f6r detta syfte ska p\u00e5 byggnadsmark och fastighet f\u00f6ljande arbeten utg\u00f6ras:<\/p>\n<ul>\n<li>j\u00e4mning,<\/li>\n<li>fyllning med passande material, t.ex. med brutit tegel- eller betongmaterial,<\/li>\n<li>t\u00e4ckande med makadam, och\/eller gr\u00f6nbyggande.<\/li>\n<\/ul>\n<p><strong>Territoriers st\u00e4dning<\/strong><br \/>\nStora territorier b\u00f6r ofta st\u00e4das och ordnas ocks\u00e5 utan egentliga rivningsarbetens utf\u00f6rande. Det kan finnas olika grunder f\u00f6r detta \u2013 tidigare byggnader har redan rivits, men rivningsavfall har inte borttagits och p\u00e5 \u00f6demarken har hela lager av fast avfall osv. b\u00f6rjat uppst\u00e5. PurkuPro Oy hj\u00e4lper till att st\u00e4da och ordna s\u00e5dana marker antingen i samband eller separat fr\u00e5n andra verksamheter.<\/p>\n","protected":false},"excerpt":{"rendered":"<p>De nedan beskrivna verksamheterna g\u00e4ller visserligen som korrekta rivningsarbetets oskiljbara del, men i n\u00e5gra fall \u00e4r rivningsbolaget tvungen att utf\u00f6ra ocks\u00e5 s\u00e5dana arbeten som inte har utf\u00f6rts eller slutf\u00f6rts av andra arbetstagare eller att ordna v\u00e5rdsl\u00f6sa territorier. Avfallshantering Utom byggnadskonstruktioners professionella demontering inneb\u00e4r rivningsarbetet ocks\u00e5 byggnadsavfallets passande hantering, vad som bidrar till milj\u00f6v\u00e4nlighet och l\u00e4gre &hellip; <span class=\"read-more\">Loe edasi<\/span><\/p>\n","protected":false},"author":2,"featured_media":0,"parent":617,"menu_order":3,"comment_status":"closed","ping_status":"closed","template":"","meta":{"footnotes":""},"class_list":["post-623","page","type-page","status-publish","hentry"],"_links":{"self":[{"href":"https:\/\/purkupro.fi\/sv\/wp-json\/wp\/v2\/pages\/623","targetHints":{"allow":["GET"]}}],"collection":[{"href":"https:\/\/purkupro.fi\/sv\/wp-json\/wp\/v2\/pages"}],"about":[{"href":"https:\/\/purkupro.fi\/sv\/wp-json\/wp\/v2\/types\/page"}],"author":[{"embeddable":true,"href":"https:\/\/purkupro.fi\/sv\/wp-json\/wp\/v2\/users\/2"}],"replies":[{"embeddable":true,"href":"https:\/\/purkupro.fi\/sv\/wp-json\/wp\/v2\/comments?post=623"}],"version-history":[{"count":1,"href":"https:\/\/purkupro.fi\/sv\/wp-json\/wp\/v2\/pages\/623\/revisions"}],"predecessor-version":[{"id":624,"href":"https:\/\/purkupro.fi\/sv\/wp-json\/wp\/v2\/pages\/623\/revisions\/624"}],"up":[{"embeddable":true,"href":"https:\/\/purkupro.fi\/sv\/wp-json\/wp\/v2\/pages\/617"}],"wp:attachment":[{"href":"https:\/\/purkupro.fi\/sv\/wp-json\/wp\/v2\/media?parent=623"}],"curies":[{"name":"wp","href":"https:\/\/api.w.org\/{rel}","templated":true}]}}