{"id":628,"date":"2015-06-15T12:07:03","date_gmt":"2015-06-15T09:07:03","guid":{"rendered":"https:\/\/purkupro.fi\/?page_id=628"},"modified":"2015-06-15T12:07:03","modified_gmt":"2015-06-15T09:07:03","slug":"rivningsarbeten","status":"publish","type":"page","link":"https:\/\/purkupro.fi\/sv\/tjanster\/rivningsarbeten\/","title":{"rendered":"Rivningsarbeten"},"content":{"rendered":"<p>PurkuPro Oy kan utf\u00f6ra s\u00e5v\u00e4l byggnadens hela och komplexa rivning och inre rivningsarbeten som f\u00f6rbereda byggnadskonstruktionens rivning med egna maskiner.<br \/>\nOm under arbetens genomf\u00f6rande uppt\u00e4cks n\u00f6dv\u00e4ndigheten efter specifika arbeten (avl\u00e4gsnande av farligt avfall, omplacering av v\u00e4sentliga kommunikationer osv.), ska vi inblanda motsvarande beh\u00f6riga specialister eller firmor.<\/p>\n<p><strong>Stora byggnaders rivning<\/strong><br \/>\nRivning av stora byggnader \u2013 fabriker, lagerbyggnader, infrastrukturn\u00e4tverk, h\u00f6ga boningshus och aff\u00e4rsbyggnader \u2013 inneb\u00e4r en professionell kombination av prestationsdugliga tekniska enheter, m\u00e4nsklig arbetskraft och teknologi. H\u00e4r uppst\u00e5r ett n\u00e4tverk av avfallsm\u00e4ngders bearbetning, av \u00f6kade risker betr\u00e4ffande arbetss\u00e4kerhet, logistik och arbetstidsgrafikers management. PurkuPro Oy f\u00f6rfogar \u00f6ver en maskinpark som \u00f6verensst\u00e4mmer med n\u00e4mnda krav och har erfarenheter och f\u00e4rdigheter f\u00f6r att utarbeta de f\u00f6r kunder mest flexibla finansieringsscheman.<\/p>\n<p><strong>Rivning av sm\u00e5 byggnader och anl\u00e4ggningar<\/strong><br \/>\nF\u00f6r rivning av mindre byggnader, t.ex. av enfamiljshus, olika tillbyggnader, aff\u00e4rsbyggnader best\u00e5ende av 1 eller 2 v\u00e5ningar osv. beh\u00f6vs det inte n\u00e5gra speciell prestationsdugliga byggnadsmaskiner, men en kombination av passande arbetsm\u00f6nster och teknologier \u00e4r viktig ocks\u00e5 i denna bransch.<br \/>\nSkulle det inte vara m\u00f6jligt att utf\u00f6ra de rivningsarbetena med bandgr\u00e4vskopor, kan PurkuPro Oy utf\u00f6ra dessa arbeten med p\u00e5 hjul installerade byggnadsmaskiner.<\/p>\n<p><strong>Inre rivningsarbeten<\/strong><br \/>\nPurkuPro Oy utf\u00f6r inre rivningsarbeten antingen som separata arbetsuppdrag eller som f\u00f6rberedande etapper i komplexa rivningens ramar.<br \/>\nVid byggnader som ska renoveras g\u00e4ller inre rivningsarbeten som en separat arbetsetapp, under den t.ex. f\u00f6ljande konstruktioner ska avl\u00e4gsnas:<\/p>\n<ul>\n<li>on\u00f6diga skiljev\u00e4ggar,<\/li>\n<li>slitna bearbetningsmaterial,<\/li>\n<li>slitna kommunikationer (ledningar, r\u00f6r, eldningssystem),<\/li>\n<li>d\u00f6rrar och f\u00f6nster som b\u00f6r bytas ut.<\/li>\n<\/ul>\n<p>Vid byggnader som ska helt rivas \u00e4r syftet med inre rivningen att f\u00f6rbereda byggnaden f\u00f6r dess kompletta rivning, inom att ta h\u00e4nsyn till avfallshantering och l\u00e4gre kostnader. Vid av betong och\/eller tegelsten byggda grundkonstruktioner ska innan man b\u00f6rjar arbeta med stora gr\u00e4vskopor till exempel upph\u00e4ngda tak, kommunikationer, skiljev\u00e4ggar av gips, f\u00f6nster och d\u00f6rrar osv. avl\u00e4gsnas. Ocks\u00e5 i fall av tr\u00e4byggnader b\u00f6r gips, keramiska plattor, kablar, linoleum osv. tas bort antingen manuellt eller med sm\u00e5 maskiner.<\/p>\n<p><strong>Asbestarbeten<\/strong><br \/>\nS\u00e5v\u00e4l i Finland som i flera andra l\u00e4nder k\u00e4nner man asbest som ett f\u00f6r m\u00e4nniskans h\u00e4lsa farligt byggnadsmaterial. Till och med 1980-talen var olika material, som inneh\u00f6ll asbest, relativ utsprida i byggnadsbranschen, och det \u00e4r grunden varf\u00f6r speciella asbestarbeten \u00e4r n\u00f6dv\u00e4ndiga vid s\u00e5 m\u00e5nga byggnaders rivning. PurkuPro Oy involverar f\u00f6r s\u00e5dana arbetens utf\u00f6rande partner med motsvarande erfarenheter och utrustning.<br \/>\nAsbest som material finns t.ex. i de flesta eternitplattorna, i flera isoleringsmaterial, n\u00e5gra bindemedel (lim, murbruk) och bearbetningsmaterial, dvs. i byggnadsmaterial och byggnaders delar, under deras rivning b\u00f6r man reellt r\u00e4kna med faran att rivningsarbetare kommer i kontakt med asbestdamm. I detta sammanhang vill vi l\u00e4gga m\u00e4rke till, att kunden, som tar h\u00e4nsyn till asbestarbetens n\u00f6dv\u00e4ndighet, sysslar sig allvarligt inte bara med riskmanagement betr\u00e4ffande omgivande milj\u00f6s f\u00f6rorening, utom framf\u00f6r allt uppenbarar sitt h\u00e4nsynstagande betr\u00e4ffande de arbetare som i verkligheten genomf\u00f6r rivningen.<\/p>\n","protected":false},"excerpt":{"rendered":"<p>PurkuPro Oy kan utf\u00f6ra s\u00e5v\u00e4l byggnadens hela och komplexa rivning och inre rivningsarbeten som f\u00f6rbereda byggnadskonstruktionens rivning med egna maskiner. Om under arbetens genomf\u00f6rande uppt\u00e4cks n\u00f6dv\u00e4ndigheten efter specifika arbeten (avl\u00e4gsnande av farligt avfall, omplacering av v\u00e4sentliga kommunikationer osv.), ska vi inblanda motsvarande beh\u00f6riga specialister eller firmor. Stora byggnaders rivning Rivning av stora byggnader \u2013 fabriker, &hellip; <span class=\"read-more\">Loe edasi<\/span><\/p>\n","protected":false},"author":2,"featured_media":0,"parent":617,"menu_order":2,"comment_status":"closed","ping_status":"closed","template":"","meta":{"footnotes":""},"class_list":["post-628","page","type-page","status-publish","hentry"],"_links":{"self":[{"href":"https:\/\/purkupro.fi\/sv\/wp-json\/wp\/v2\/pages\/628","targetHints":{"allow":["GET"]}}],"collection":[{"href":"https:\/\/purkupro.fi\/sv\/wp-json\/wp\/v2\/pages"}],"about":[{"href":"https:\/\/purkupro.fi\/sv\/wp-json\/wp\/v2\/types\/page"}],"author":[{"embeddable":true,"href":"https:\/\/purkupro.fi\/sv\/wp-json\/wp\/v2\/users\/2"}],"replies":[{"embeddable":true,"href":"https:\/\/purkupro.fi\/sv\/wp-json\/wp\/v2\/comments?post=628"}],"version-history":[{"count":1,"href":"https:\/\/purkupro.fi\/sv\/wp-json\/wp\/v2\/pages\/628\/revisions"}],"predecessor-version":[{"id":629,"href":"https:\/\/purkupro.fi\/sv\/wp-json\/wp\/v2\/pages\/628\/revisions\/629"}],"up":[{"embeddable":true,"href":"https:\/\/purkupro.fi\/sv\/wp-json\/wp\/v2\/pages\/617"}],"wp:attachment":[{"href":"https:\/\/purkupro.fi\/sv\/wp-json\/wp\/v2\/media?parent=628"}],"curies":[{"name":"wp","href":"https:\/\/api.w.org\/{rel}","templated":true}]}}