{"id":995,"date":"2018-07-05T13:04:20","date_gmt":"2018-07-05T10:04:20","guid":{"rendered":"https:\/\/purkupro.fi\/?page_id=995"},"modified":"2018-07-05T13:06:45","modified_gmt":"2018-07-05T10:06:45","slug":"stenkrossning","status":"publish","type":"page","link":"https:\/\/purkupro.fi\/sv\/tjanster\/stenkrossning\/","title":{"rendered":"Stenkrossning"},"content":{"rendered":"<p>PurkuPro Oy har l\u00e5ng erfarenhet inom stenkrossning. Vi har varit verksamma p\u00e5 den finska marknaden sedan 2010 och tillhandah\u00e5llit v\u00e5ra tj\u00e4nster \u00f6ver hela s\u00f6dra Finland. Nyckelorden f\u00f6r oss \u00e4r en kraftfull maskinpark och ett brett tj\u00e4nsteutbud.<\/p>\n<p>F\u00f6retagets maskinpark g\u00f6r det m\u00f6jligt att erbjuda krossning och siktning av alla byggmaterial som anv\u00e4nds i regionen: byggavfall (tegel och betong), grus, granit, kalksten, sand, jord.<\/p>\n<p>Krossning av tegel och betong<br \/>\nVi har tillhandah\u00e5llit krossning av byggavfall hos fler \u00e4n 10 olika \u00e5tervinningscentraler och avfallsstationer sedan \u00e5r 2010. Tack vare vunna upphandlingar har vi varit l\u00e5ngvariga partners i Kuopio, Hyvinge, Tavastehus och K\u00e4ringmossen.<\/p>\n<p>Krossning av granit<br \/>\nV\u00e5r 50-tons k\u00e4ftkross passar perfekt f\u00f6r f\u00f6rkrossning av granitstenar (till 0\u2013150 mm fraktion). Med till\u00e4gg av en konkross bland maskinerna kan vi erbjuda alla \u00f6nskade finare fraktioner.<\/p>\n<p>Krossning av grus och mor\u00e4n<br \/>\nTack vare sina tre stora maskiner \u2013 tv\u00e5 rotorkrossar och en konkross har f\u00f6retaget en riktigt bra produktionskapacitet. Det l\u00e5ter oss att erbjuda tj\u00e4nster med stor prestanda.<\/p>\n<p>Siktning av sand, jord och lera<br \/>\nV\u00e5ra tv\u00e5 f\u00f6rsiktar passar utm\u00e4rkt f\u00f6r siktning av s\u00e5v\u00e4l sand som jord och lera. Vi har \u00e4ven erfarenhet inom siktning av fast br\u00e4nsle (t.ex. kol).<\/p>\n<p>V\u00e5r maskinpark best\u00e5r av:<\/p>\n<ul>\n<li>En 30-tons (Metso LT96) och tv\u00e5 50-tons k\u00e4ftkrossar (Metso LT116, McCloskey J50)<\/li>\n<li>Tv\u00e5 50-tons rotorkrossar (Metso LT1213S, McCloskey i44R)<\/li>\n<li>En konkross Sandvik QH441<\/li>\n<li>Tv\u00e5 f\u00f6rsiktar (Metso ST272, Sandvik R155)<\/li>\n<li>Tv\u00e5 grus- och makadamsiktar (McCloskey S190TD, Sandvik QA451)<\/li>\n<li>Tv\u00e5 mobila transportband (McCloskey ST80, Edge TS650)<\/li>\n<\/ul>\n","protected":false},"excerpt":{"rendered":"<p>PurkuPro Oy har l\u00e5ng erfarenhet inom stenkrossning. Vi har varit verksamma p\u00e5 den finska marknaden sedan 2010 och tillhandah\u00e5llit v\u00e5ra tj\u00e4nster \u00f6ver hela s\u00f6dra Finland. Nyckelorden f\u00f6r oss \u00e4r en kraftfull maskinpark och ett brett tj\u00e4nsteutbud. F\u00f6retagets maskinpark g\u00f6r det m\u00f6jligt att erbjuda krossning och siktning av alla byggmaterial som anv\u00e4nds i regionen: byggavfall (tegel &hellip; <span class=\"read-more\">Loe edasi<\/span><\/p>\n","protected":false},"author":2,"featured_media":0,"parent":617,"menu_order":6,"comment_status":"closed","ping_status":"closed","template":"","meta":{"footnotes":""},"class_list":["post-995","page","type-page","status-publish","hentry"],"_links":{"self":[{"href":"https:\/\/purkupro.fi\/sv\/wp-json\/wp\/v2\/pages\/995","targetHints":{"allow":["GET"]}}],"collection":[{"href":"https:\/\/purkupro.fi\/sv\/wp-json\/wp\/v2\/pages"}],"about":[{"href":"https:\/\/purkupro.fi\/sv\/wp-json\/wp\/v2\/types\/page"}],"author":[{"embeddable":true,"href":"https:\/\/purkupro.fi\/sv\/wp-json\/wp\/v2\/users\/2"}],"replies":[{"embeddable":true,"href":"https:\/\/purkupro.fi\/sv\/wp-json\/wp\/v2\/comments?post=995"}],"version-history":[{"count":1,"href":"https:\/\/purkupro.fi\/sv\/wp-json\/wp\/v2\/pages\/995\/revisions"}],"predecessor-version":[{"id":996,"href":"https:\/\/purkupro.fi\/sv\/wp-json\/wp\/v2\/pages\/995\/revisions\/996"}],"up":[{"embeddable":true,"href":"https:\/\/purkupro.fi\/sv\/wp-json\/wp\/v2\/pages\/617"}],"wp:attachment":[{"href":"https:\/\/purkupro.fi\/sv\/wp-json\/wp\/v2\/media?parent=995"}],"curies":[{"name":"wp","href":"https:\/\/api.w.org\/{rel}","templated":true}]}}